{"id":310909,"date":"2024-06-28T14:47:45","date_gmt":"2024-06-28T18:47:45","guid":{"rendered":"https:\/\/unifranz.edu.bo\/servicios\/ecosistema-de-investigacion-copy\/"},"modified":"2024-07-01T11:37:58","modified_gmt":"2024-07-01T15:37:58","slug":"produccion-academica-cientifica","status":"publish","type":"page","link":"https:\/\/unifranz.edu.bo\/pt\/servicios\/produccion-academica-cientifica\/","title":{"rendered":"Produ\u00e7\u00e3o Acad\u00eamica-Cient\u00edfica"},"content":{"rendered":"<div\n    class=\"wp-block-columns has-1-columns is-layout-flex wp-container-core-columns-is-layout-1 wp-block-columns-is-layout-flex\"><\/p>\n<div class=\"wp-block-column is-layout-flow wp-block-column-is-layout-flow\">\n<p style=\"text-align: center\">\n            <a href=\"https:\/\/bibliovirtual.unifranz.edu.bo\/cgi-bin\/koha\/opac-search.pl?idx=kw&#038;q=Rinf&#038;sort_by=relevance_dsc&#038;count=20&#038;limit=su-to:Rinf\" target=\"_blank\" rel=\"noopener\"><br \/>\n                <img loading=\"lazy\" decoding=\"async\" class=\"alignnone size-medium wp-image-310820\"\n                    src=\"https:\/\/unifranz.edu.bo\/wp-content\/uploads\/2024\/07\/icono-revista-de-investigacion-300x150.webp\" alt=\"\" target=\"_blank\"\n                    width=\"300\" height=\"150\" \/><br \/>\n            <\/a>\n        <\/p>\n<p style=\"text-align: center\">\n            <a href=\"https:\/\/bibliovirtual.unifranz.edu.bo\/cgi-bin\/koha\/opac-search.pl?idx=kw&#038;q=Rinf&#038;sort_by=relevance_dsc&#038;count=20&#038;limit=su-to:Rinf\" target=\"_blank\" rel=\"noopener\"><br \/>\n                https:\/\/bibliovirtual.unifranz.edu.bo\/revistas-de-investigacion<br \/>\n            <\/a>\n        <\/p>\n<\/p><\/div>\n<div class=\"wp-block-column is-layout-flow wp-block-column-is-layout-flow\">\n<p style=\"text-align: center\">\n            <a href=\"https:\/\/bibliovirtual.unifranz.edu.bo\/cgi-bin\/koha\/opac-search.pl?idx=&#038;q=Bolet%C3%ADn+Neurociencias&#038;branch_group_limit=&#038;weight_search=1\" target=\"_blank\" rel=\"noopener\"><br \/>\n                <img loading=\"lazy\" decoding=\"async\" class=\"alignnone size-medium wp-image-310820\"\n                    src=\"https:\/\/unifranz.edu.bo\/wp-content\/uploads\/2024\/07\/icono-boletines-de-neurociencia-300x150.webp\" alt=\"\" target=\"_blank\"\n                    width=\"300\" height=\"150\" \/><br \/>\n            <\/a>\n        <\/p>\n<p style=\"text-align: center\">\n            <a href=\"https:\/\/bibliovirtual.unifranz.edu.bo\/cgi-bin\/koha\/opac-search.pl?idx=&#038;q=Bolet%C3%ADn+Neurociencias&#038;branch_group_limit=&#038;weight_search=1\" target=\"_blank\" rel=\"noopener\"><br \/>\n                https:\/\/bibliovirtual.unifranz.edu.bo\/boletines-de-neurociencias<br \/>\n            <\/a>\n        <\/p>\n<\/p><\/div>\n<\/div>","protected":false},"excerpt":{"rendered":"<p>https:\/\/bibliovirtual.unifranz.edu.bo\/revistas-de-investigacion https:\/\/bibliovirtual.unifranz.edu.bo\/boletines-de-neurociencias<\/p>","protected":false},"author":23,"featured_media":298456,"parent":24725,"menu_order":0,"comment_status":"closed","ping_status":"closed","template":"","meta":{"_acf_changed":false,"footnotes":""},"class_list":["post-310909","page","type-page","status-publish","has-post-thumbnail","hentry"],"acf":[],"_links":{"self":[{"href":"https:\/\/unifranz.edu.bo\/pt\/wp-json\/wp\/v2\/pages\/310909","targetHints":{"allow":["GET"]}}],"collection":[{"href":"https:\/\/unifranz.edu.bo\/pt\/wp-json\/wp\/v2\/pages"}],"about":[{"href":"https:\/\/unifranz.edu.bo\/pt\/wp-json\/wp\/v2\/types\/page"}],"author":[{"embeddable":true,"href":"https:\/\/unifranz.edu.bo\/pt\/wp-json\/wp\/v2\/users\/23"}],"replies":[{"embeddable":true,"href":"https:\/\/unifranz.edu.bo\/pt\/wp-json\/wp\/v2\/comments?post=310909"}],"version-history":[{"count":3,"href":"https:\/\/unifranz.edu.bo\/pt\/wp-json\/wp\/v2\/pages\/310909\/revisions"}],"predecessor-version":[{"id":312368,"href":"https:\/\/unifranz.edu.bo\/pt\/wp-json\/wp\/v2\/pages\/310909\/revisions\/312368"}],"up":[{"embeddable":true,"href":"https:\/\/unifranz.edu.bo\/pt\/wp-json\/wp\/v2\/pages\/24725"}],"wp:featuredmedia":[{"embeddable":true,"href":"https:\/\/unifranz.edu.bo\/pt\/wp-json\/wp\/v2\/media\/298456"}],"wp:attachment":[{"href":"https:\/\/unifranz.edu.bo\/pt\/wp-json\/wp\/v2\/media?parent=310909"}],"curies":[{"name":"wp","href":"https:\/\/api.w.org\/{rel}","templated":true}]}}