{"id":24922,"date":"2018-10-15T17:34:15","date_gmt":"2018-10-15T17:34:15","guid":{"rendered":"http:\/\/wp.unifranz.edu.bo\/?page_id=24922"},"modified":"2020-05-06T02:00:31","modified_gmt":"2020-05-06T06:00:31","slug":"internado-rotatorio-practicas","status":"publish","type":"page","link":"https:\/\/unifranz.edu.bo\/pt\/relaciones-internacionales\/internado-rotatorio-practicas\/","title":{"rendered":"Internado Rotatorio y Pr\u00e1cticas"},"content":{"rendered":"<div class=\"wp-block-columns has-2-columns is-layout-flex wp-container-core-columns-is-layout-9d6595d7 wp-block-columns-is-layout-flex\">\r\n<div class=\"wp-block-column is-layout-flow wp-block-column-is-layout-flow\">\r\n<h2 style=\"color:#008698; text-align: center;\"><strong>Sedes y requisitos para internado rotatorio y pr\u00e1cticas Unifranz:<\/strong><\/h2>\r\n\r\n<p><strong>Hospitales con Convenios Legalizados para intercambio rotatorio:<\/strong><\/p>\r\n\r\n\r\n\r\n<ul class=\"wp-block-list\">\r\n<li>Funda\u00e7\u00e3o Pro Pinhais De Promo\u00e7\u00e3o Humana \u2013 Brasil<\/li>\r\n\r\n<li>Hosp. Regional Conceicao De Araguaia \u2013 Brasil<\/li>\r\n\r\n<li>Hospital Municipal Monsenhor Pedro Moura \u2013 Brasil<\/li>\r\n\r\n<li>Hospital Pedro do Reis Fernandes Neto \u2013 Brasil<\/li>\r\n\r\n<li>Hospital Santa Rosa de Lima \u2013 Brasil<\/li>\r\n\r\n<li>Hospital Ant\u00f4nio Pontes de Aguiar \u2013 Brasil<\/li>\r\n\r\n<li>Hospital Municipal Ant\u00f4nio Teixeira Sobrinho \u2013 Brasil<\/li>\r\n\r\n<li>Hospital Geral E Materno Infantil Bacabal \u2013 Brasil<\/li>\r\n\r\n<li>Hospital Municipal Santa Terezinha De Goi\u00e1s \u2013 Brasil<\/li>\r\n\r\n\r\n<\/ul>\r\n<\/div>\r\n\r\n\r\n\r\n<div class=\"wp-block-column is-layout-flow wp-block-column-is-layout-flow\">\r\n<p><strong>Requisitos para postularse:<\/strong><\/p>\r\n\r\n\r\n\r\n<ol class=\"wp-block-list\">\r\n<li>Llenar formulario de postulaci\u00f3n (descarga llenando el formulario de abajo).<\/li>\r\n<li>Carta de postulaci\u00f3n.\u00a0<a href=\"http:\/\/wp.unifranz.edu.bo\/wp-content\/uploads\/2018\/10\/Carta-de-Postulacio\u0301n-del-Estudiante.pdf\" target=\"_blank\" rel=\"noreferrer noopener\">Desc\u00e1rgala aqu\u00ed<\/a>.<\/li>\r\n<li>Carta de Presentaci\u00f3n Jefe de Carrera.\u00a0<a href=\"http:\/\/wp.unifranz.edu.bo\/wp-content\/uploads\/2018\/10\/Carta-de-Presentacio\u0301n-Jefe-de-Carrera.pdf\" target=\"_blank\" rel=\"noreferrer noopener\">Desc\u00e1rgala aqu\u00ed<\/a>.<\/li>\r\n<li>Promedio acad\u00e9mico igual o mayor a 70\/100.<\/li>\r\n<li>Seguro m\u00e9dico vigente con cobertura internacional.<\/li>\r\n<li>Visa y\/o residencia vigente (tanto en el pa\u00eds de destino como Bolivia).<\/li>\r\n<li>Copia de pasaporte y carnet vigente.<\/li>\r\n<li>Examen de suficiencia de idioma que lo habilite a realizar estudios en la lengua extranjera (de ser distinto al espa\u00f1ol).<\/li>\r\n<li>Vacuna de Hepatitis B y T\u00e9tano.<\/li>\r\n<\/ol>\r\n\r\n<div class=\"wp-block-column\"><span style=\"letter-spacing: 0.02em;\"><a target=\"_blank\" href=\"https:\/\/unifranz.edu.bo\/wp-content\/uploads\/2020\/05\/presentacion_internado_II_2020.pptx\">Descargar documento completo<\/a><\/span>\r\n<\/div>\r\n<\/div>\r\n<\/div>\r\n\r\n\r\n\r\n<div class=\"wp-block-image\">\r\n<figure class=\"aligncenter\"><img loading=\"lazy\" decoding=\"async\" width=\"1024\" height=\"601\" class=\"wp-image-24923\" src=\"http:\/\/wp.unifranz.edu.bo\/wp-content\/uploads\/2018\/10\/Postulacio\u0301n-Web-PASOS-PARA-POSTULAR-INTERNADO-ROTATORIO-EN-EL-EXTERIOR-1024x601.png\" alt=\"\" srcset=\"https:\/\/unifranz.edu.bo\/wp-content\/uploads\/2018\/10\/Postulacio\u0301n-Web-PASOS-PARA-POSTULAR-INTERNADO-ROTATORIO-EN-EL-EXTERIOR-1024x601.png 1024w, https:\/\/unifranz.edu.bo\/wp-content\/uploads\/2018\/10\/Postulacio\u0301n-Web-PASOS-PARA-POSTULAR-INTERNADO-ROTATORIO-EN-EL-EXTERIOR-1024x601-300x176.png 300w, https:\/\/unifranz.edu.bo\/wp-content\/uploads\/2018\/10\/Postulacio\u0301n-Web-PASOS-PARA-POSTULAR-INTERNADO-ROTATORIO-EN-EL-EXTERIOR-1024x601-768x451.png 768w, https:\/\/unifranz.edu.bo\/wp-content\/uploads\/2018\/10\/Postulacio\u0301n-Web-PASOS-PARA-POSTULAR-INTERNADO-ROTATORIO-EN-EL-EXTERIOR-1024x601-18x12.png 18w\" sizes=\"auto, (max-width: 1024px) 100vw, 1024px\" \/><\/figure>\r\n<\/div>","protected":false},"excerpt":{"rendered":"<p>Sedes y requisitos para internado rotatorio y pr\u00e1cticas Unifranz: Hospitales con Convenios Legalizados para intercambio rotatorio: Funda\u00e7\u00e3o Pro Pinhais De Promo\u00e7\u00e3o Humana \u2013 Brasil Hosp. Regional Conceicao De Araguaia \u2013 Brasil Hospital Municipal Monsenhor Pedro Moura \u2013 Brasil Hospital Pedro do Reis Fernandes Neto \u2013 Brasil Hospital Santa Rosa de Lima \u2013 Brasil Hospital Ant\u00f4nio &hellip; <a href=\"https:\/\/unifranz.edu.bo\/pt\/relaciones-internacionales\/internado-rotatorio-practicas\/\">Continued<\/a><\/p>","protected":false},"author":45,"featured_media":30203,"parent":24862,"menu_order":0,"comment_status":"closed","ping_status":"closed","template":"","meta":{"_acf_changed":false,"footnotes":""},"class_list":["post-24922","page","type-page","status-publish","has-post-thumbnail","hentry"],"acf":[],"_links":{"self":[{"href":"https:\/\/unifranz.edu.bo\/pt\/wp-json\/wp\/v2\/pages\/24922","targetHints":{"allow":["GET"]}}],"collection":[{"href":"https:\/\/unifranz.edu.bo\/pt\/wp-json\/wp\/v2\/pages"}],"about":[{"href":"https:\/\/unifranz.edu.bo\/pt\/wp-json\/wp\/v2\/types\/page"}],"author":[{"embeddable":true,"href":"https:\/\/unifranz.edu.bo\/pt\/wp-json\/wp\/v2\/users\/45"}],"replies":[{"embeddable":true,"href":"https:\/\/unifranz.edu.bo\/pt\/wp-json\/wp\/v2\/comments?post=24922"}],"version-history":[{"count":15,"href":"https:\/\/unifranz.edu.bo\/pt\/wp-json\/wp\/v2\/pages\/24922\/revisions"}],"predecessor-version":[{"id":30520,"href":"https:\/\/unifranz.edu.bo\/pt\/wp-json\/wp\/v2\/pages\/24922\/revisions\/30520"}],"up":[{"embeddable":true,"href":"https:\/\/unifranz.edu.bo\/pt\/wp-json\/wp\/v2\/pages\/24862"}],"wp:featuredmedia":[{"embeddable":true,"href":"https:\/\/unifranz.edu.bo\/pt\/wp-json\/wp\/v2\/media\/30203"}],"wp:attachment":[{"href":"https:\/\/unifranz.edu.bo\/pt\/wp-json\/wp\/v2\/media?parent=24922"}],"curies":[{"name":"wp","href":"https:\/\/api.w.org\/{rel}","templated":true}]}}