{"id":24815,"date":"2018-10-10T19:54:05","date_gmt":"2018-10-10T19:54:05","guid":{"rendered":"http:\/\/wp.unifranz.edu.bo\/?page_id=24815"},"modified":"2024-06-14T16:18:25","modified_gmt":"2024-06-14T20:18:25","slug":"por-que-estudiar-en-unifranz","status":"publish","type":"page","link":"https:\/\/unifranz.edu.bo\/pt\/admisiones\/por-que-estudiar-en-unifranz\/","title":{"rendered":"Por Que Estudar na Unifranz"},"content":{"rendered":"<h2 class=\"wp-block-heading\" style=\"color: #faa634; text-align: center;\"><strong>\u00a1Elige una universidad que potencia tus competencias para la vida!<br \/><\/strong><\/h2>\r\n<p>&nbsp;<\/p>\r\n\r\n\r\n\r\n<p>En UNIFRANZ los estudiantes transformar\u00e1n su forma de aprender a trav\u00e9s de experiencias pr\u00e1cticas y vivenciales lo que les ayudar\u00e1 a desarrollar sus capacidades para aprender a lo largo de la vida y construir conocimiento colectivo, que permite resolver problemas del entorno y globales con creatividad y empat\u00eda.<\/p>\r\n<p>Elegir Unifranz es elegir una instituci\u00f3n que vele e impulse la pasi\u00f3n y vocaci\u00f3n de sus estudiantes a trav\u00e9s de:<\/p>\r\n<ul>\r\n<li><strong>Infraestructura de \u00faltimo nivel:<\/strong> Las estructuras y los espacios necesitan modificarse para que se adapten y generen condiciones que puedan dar paso libre a la creatividad, por eso en UNIFRANZ contamos con aulas din\u00e1micas que se transforman de acuerdo a las necesidades de los estudiantes y docentes. Se reconfiguran en espacios que permitan el trabajo colaborativo, el desarrollo de estudios de caso, el ser escenario de debates, de trabajo por pares y de diversas din\u00e1micas activas o donde la pr\u00e1ctica es el eje central del proceso de ense\u00f1anza y aprendizaje.<\/li>\r\n<li><strong>Modernos laboratorios de aprendizaje:<\/strong> Divididos por \u00e1reas Tech Lab Social Labs, Business Labs , Crossmedia Labs, Health Labs, est\u00e1n dise\u00f1ados para potenciar y poner en ejercicio los conocimientos, habilidades y experiencias de los estudiantes de manera presencial en un entorno real, simulando el ejercicio de su futura profesi\u00f3n.<\/li>\r\n<li><strong>Menciones profesionales:<\/strong> El profesional formado en UNIFRANZ, se especializa en distintas \u00e1reas del conocimiento y se grad\u00faa con una menci\u00f3n de especializaci\u00f3n universitaria.<br \/>Nuestras menciones abren nuevas oportunidades y generan mayor valor en el mercado laboral, desarrollando en nuestros profesionales competencias que generar\u00e1n impacto en el mundo.<\/li>\r\n<li><strong>Internacionalizaci\u00f3n:<\/strong> Formamos profesionales con visi\u00f3n mundial, gracias a nuestro programa Internacional\u00edzate que permite a los estudiantes formarse con personas de otros pa\u00edses, pasar clases espejo con universidades internacionales con las que tenemos convenios y postularse a un intercambio universitario en pa\u00edses de Am\u00e9rica Latina, Norteam\u00e9rica, Asia y Europa.<br \/>Tambi\u00e9n aprender\u00e1n un idioma extranjero durante toda su formaci\u00f3n universitaria y sea un profesional globalizado.<\/li>\r\n<\/ul>\r\n<p>Queremos ayudar a los futuros profesionales a encontrar su prop\u00f3sito, convirtiendo sus retos en oportunidades, para que puedan estar un paso adelante y sean quienes generen los cambios en lugar de adaptarse.<\/p>\r\n<p>El mundo necesita de profesionales con prop\u00f3sito que est\u00e9n listos para transformar\u00a0el\u00a0mundo.<\/p>","protected":false},"excerpt":{"rendered":"<p>\u00a1Elige una universidad que potencia tus competencias para la vida! &nbsp; En UNIFRANZ los estudiantes transformar\u00e1n su forma de aprender a trav\u00e9s de experiencias pr\u00e1cticas y vivenciales lo que les ayudar\u00e1 a desarrollar sus capacidades para aprender a lo largo de la vida y construir conocimiento colectivo, que permite resolver problemas del entorno y globales &hellip; <a href=\"https:\/\/unifranz.edu.bo\/pt\/admisiones\/por-que-estudiar-en-unifranz\/\">Continued<\/a><\/p>","protected":false},"author":45,"featured_media":298481,"parent":24763,"menu_order":0,"comment_status":"closed","ping_status":"closed","template":"","meta":{"_acf_changed":false,"footnotes":""},"class_list":["post-24815","page","type-page","status-publish","has-post-thumbnail","hentry"],"acf":[],"_links":{"self":[{"href":"https:\/\/unifranz.edu.bo\/pt\/wp-json\/wp\/v2\/pages\/24815","targetHints":{"allow":["GET"]}}],"collection":[{"href":"https:\/\/unifranz.edu.bo\/pt\/wp-json\/wp\/v2\/pages"}],"about":[{"href":"https:\/\/unifranz.edu.bo\/pt\/wp-json\/wp\/v2\/types\/page"}],"author":[{"embeddable":true,"href":"https:\/\/unifranz.edu.bo\/pt\/wp-json\/wp\/v2\/users\/45"}],"replies":[{"embeddable":true,"href":"https:\/\/unifranz.edu.bo\/pt\/wp-json\/wp\/v2\/comments?post=24815"}],"version-history":[{"count":13,"href":"https:\/\/unifranz.edu.bo\/pt\/wp-json\/wp\/v2\/pages\/24815\/revisions"}],"predecessor-version":[{"id":298661,"href":"https:\/\/unifranz.edu.bo\/pt\/wp-json\/wp\/v2\/pages\/24815\/revisions\/298661"}],"up":[{"embeddable":true,"href":"https:\/\/unifranz.edu.bo\/pt\/wp-json\/wp\/v2\/pages\/24763"}],"wp:featuredmedia":[{"embeddable":true,"href":"https:\/\/unifranz.edu.bo\/pt\/wp-json\/wp\/v2\/media\/298481"}],"wp:attachment":[{"href":"https:\/\/unifranz.edu.bo\/pt\/wp-json\/wp\/v2\/media?parent=24815"}],"curies":[{"name":"wp","href":"https:\/\/api.w.org\/{rel}","templated":true}]}}