{"id":24682,"date":"2018-10-15T16:40:35","date_gmt":"2018-10-15T16:40:35","guid":{"rendered":"http:\/\/wp.unifranz.edu.bo\/?page_id=24682"},"modified":"2025-01-07T03:09:25","modified_gmt":"2025-01-07T07:09:25","slug":"principios-unifranz","status":"publish","type":"page","link":"https:\/\/unifranz.edu.bo\/pt\/universidad\/principios-unifranz\/","title":{"rendered":"Princ\u00edpios Unifranz"},"content":{"rendered":"<div class=\"wp-block-columns has-2-columns is-layout-flex wp-container-core-columns-is-layout-9d6595d7 wp-block-columns-is-layout-flex\">\r\n<div class=\"wp-block-column is-layout-flow wp-block-column-is-layout-flow\">\r\n<h2 style=\"color: #f04e4c; text-align: center;\"><strong>Miss\u00e3o<\/strong><\/h2>\r\n\r\n\r\n\r\n<p style=\"text-align: center;\">Forjar uma Universidade transformadora empenhada em atrair e promover o talento diversificado e de classe mundial, criando um ambiente de alta parceria que promova a livre troca de ideias com o objectivo de promover a inova\u00e7\u00e3o, a criatividade, a pesquisa e a alta capacidade de lideran\u00e7a para formar capital humano competitivo com valores \u00e9ticos, morais e responsabilidade social.<\/p>\r\n<\/div>\r\n\r\n\r\n\r\n<div class=\"wp-block-column is-layout-flow wp-block-column-is-layout-flow\">\r\n<h2 style=\"color: #f04e4c; text-align: center;\"><strong>Vis\u00e3o<\/strong><\/h2>\r\n\r\n\r\n\r\n<p style=\"text-align: center;\">Ser uma refer\u00eancia de excel\u00eancia com reconhecimento nacional e internacional que promova o desenvolvimento humano, cient\u00edfico e tecnol\u00f3gico, cuja lideran\u00e7a influa ativamente o bem-estar da sociedade.<\/p>\r\n<\/div>\r\n<\/div>\r\n\r\n<p>&nbsp;<\/p>","protected":false},"excerpt":{"rendered":"<p>Misi\u00f3n Forjar una Universidad transformadora comprometida a atraer y promover talento diverso y de clase mundial, creando un ambiente de alta colaboraci\u00f3n que promueva el libre intercambio de ideas con el fin de impulsar la innovaci\u00f3n, creatividad, investigaci\u00f3n y alta capacidad de liderazgo para formar capital humano competitivo con valores \u00e9ticos, morales y responsabilidad social. &hellip; <a href=\"https:\/\/unifranz.edu.bo\/pt\/universidad\/principios-unifranz\/\">Continued<\/a><\/p>","protected":false},"author":45,"featured_media":298422,"parent":260,"menu_order":0,"comment_status":"closed","ping_status":"closed","template":"","meta":{"_acf_changed":false,"footnotes":""},"class_list":["post-24682","page","type-page","status-publish","has-post-thumbnail","hentry"],"acf":[],"_links":{"self":[{"href":"https:\/\/unifranz.edu.bo\/pt\/wp-json\/wp\/v2\/pages\/24682","targetHints":{"allow":["GET"]}}],"collection":[{"href":"https:\/\/unifranz.edu.bo\/pt\/wp-json\/wp\/v2\/pages"}],"about":[{"href":"https:\/\/unifranz.edu.bo\/pt\/wp-json\/wp\/v2\/types\/page"}],"author":[{"embeddable":true,"href":"https:\/\/unifranz.edu.bo\/pt\/wp-json\/wp\/v2\/users\/45"}],"replies":[{"embeddable":true,"href":"https:\/\/unifranz.edu.bo\/pt\/wp-json\/wp\/v2\/comments?post=24682"}],"version-history":[{"count":25,"href":"https:\/\/unifranz.edu.bo\/pt\/wp-json\/wp\/v2\/pages\/24682\/revisions"}],"predecessor-version":[{"id":693631,"href":"https:\/\/unifranz.edu.bo\/pt\/wp-json\/wp\/v2\/pages\/24682\/revisions\/693631"}],"up":[{"embeddable":true,"href":"https:\/\/unifranz.edu.bo\/pt\/wp-json\/wp\/v2\/pages\/260"}],"wp:featuredmedia":[{"embeddable":true,"href":"https:\/\/unifranz.edu.bo\/pt\/wp-json\/wp\/v2\/media\/298422"}],"wp:attachment":[{"href":"https:\/\/unifranz.edu.bo\/pt\/wp-json\/wp\/v2\/media?parent=24682"}],"curies":[{"name":"wp","href":"https:\/\/api.w.org\/{rel}","templated":true}]}}